{"id":107,"date":"2017-10-05T17:01:18","date_gmt":"2017-10-05T17:01:18","guid":{"rendered":"http:\/\/www.susanne-holzinger.de\/?page_id=107"},"modified":"2018-12-02T09:34:42","modified_gmt":"2018-12-02T09:34:42","slug":"objekte","status":"publish","type":"page","link":"http:\/\/www.susanne-holzinger.de\/?page_id=107","title":{"rendered":"Arbeiten"},"content":{"rendered":"<div><a href=\"http:\/\/www.susanne-holzinger.de\/?page_id=56\">Armreife<\/a><\/div>\n<div><a href=\"http:\/\/www.susanne-holzinger.de\/?page_id=80\">Dreckst\u00fccke<\/a><\/div>\n<div><a href=\"http:\/\/www.susanne-holzinger.de\/?page_id=54\">Staubgef\u00e4\u00dfe<\/a><\/div>\n<div><a href=\"http:\/\/www.susanne-holzinger.de\/?page_id=159\">Zahnradschalen<\/a><\/div>\n<div><a href=\"http:\/\/www.susanne-holzinger.de\/?page_id=161\">Zahnradbroschen<\/a><\/div>\n<div><a href=\"http:\/\/www.susanne-holzinger.de\/?page_id=428\">Waben<\/a><\/div>\n","protected":false},"excerpt":{"rendered":"<p>Armreife Dreckst\u00fccke Staubgef\u00e4\u00dfe Zahnradschalen Zahnradbroschen Waben<\/p>\n","protected":false},"author":1,"featured_media":0,"parent":0,"menu_order":0,"comment_status":"closed","ping_status":"closed","template":"","meta":[],"_links":{"self":[{"href":"http:\/\/www.susanne-holzinger.de\/index.php?rest_route=\/wp\/v2\/pages\/107"}],"collection":[{"href":"http:\/\/www.susanne-holzinger.de\/index.php?rest_route=\/wp\/v2\/pages"}],"about":[{"href":"http:\/\/www.susanne-holzinger.de\/index.php?rest_route=\/wp\/v2\/types\/page"}],"author":[{"embeddable":true,"href":"http:\/\/www.susanne-holzinger.de\/index.php?rest_route=\/wp\/v2\/users\/1"}],"replies":[{"embeddable":true,"href":"http:\/\/www.susanne-holzinger.de\/index.php?rest_route=%2Fwp%2Fv2%2Fcomments&post=107"}],"version-history":[{"count":17,"href":"http:\/\/www.susanne-holzinger.de\/index.php?rest_route=\/wp\/v2\/pages\/107\/revisions"}],"predecessor-version":[{"id":433,"href":"http:\/\/www.susanne-holzinger.de\/index.php?rest_route=\/wp\/v2\/pages\/107\/revisions\/433"}],"wp:attachment":[{"href":"http:\/\/www.susanne-holzinger.de\/index.php?rest_route=%2Fwp%2Fv2%2Fmedia&parent=107"}],"curies":[{"name":"wp","href":"https:\/\/api.w.org\/{rel}","templated":true}]}}